{"id":26203,"date":"2018-02-21T22:35:54","date_gmt":"2018-02-21T21:35:54","guid":{"rendered":"http:\/\/prettywoman-kosmetik.de\/?page_id=26203"},"modified":"2024-11-14T16:10:56","modified_gmt":"2024-11-14T15:10:56","slug":"wimpernverlaengerung","status":"publish","type":"page","link":"https:\/\/prettywoman-kosmetik.de\/?page_id=26203","title":{"rendered":"Wimpernverl\u00e4ngerung"},"content":{"rendered":"<div class=\"wpb-content-wrapper\"><p>[vc_row][vc_column]<div class=\"gem-textbox \"  ><div class=\"gem-textbox-inner\" style=\"\"><div class=\"gem-textbox-content\" style=\"background-color: #ffffff;background-position: center top;\"><div class=\"clearboth\"><\/div><style>#thegem-divider-69f4a9598d9dc {margin-top: 30px !important;}#thegem-divider-69f4a9598d9dc {margin-bottom: 30px !important;}<\/style><div id=\"thegem-divider-69f4a9598d9dc\" class=\"gem-divider  \" style=\"\" ><\/div>[vc_column_text]<\/p>\n<div class=\"styled-subtitle\" style=\"text-align: center;\">LASSEN SIE IHRE AUGEN STRAHLEN<\/div>\n<p>[\/vc_column_text][vc_column_text css=&#8220;&#8220;]<strong>(1) Wimpernverl\u00e4ngerung<\/strong><\/p>\n<p><strong>Neutermin\u00a0<\/strong>\u201eNat\u00fcrlich sch\u00f6n\u201c (Einzelwimperntechnik 1:1)\u00a01-2 h\/130,-\u20ac<\/p>\n<p><strong>Auff\u00fclltermin<\/strong>\u00a0&#8222;L\u00fcckenf\u00fcller&#8220; (bis 3 Wochen) 1 h-1,5 h\/65,-\u20ac<\/p>\n<p><em>Haben Sie bereits Wimpernextensions und m\u00f6chten diese in meinem Studio auff\u00fcllen lassen? Kein Problem. Das mach ich sehr gerne.<\/em><\/p>\n<p>___________<\/p>\n<p><strong>(2)\u00a0Wimpernwelle \/ Lash-Lifting<br \/>\n<\/strong>Die nat\u00fcrliche Alternative zur Wimpernverl\u00e4ngerung.<\/p>\n<p><strong>Wimpernwelle<\/strong> \u00a0(h\u00e4lt bis zu 6 Wochen) 45,-\u20ac<\/p>\n<p><strong>Wimpernwelle mit F\u00e4rben<\/strong>\u00a0 49,-\u20ac<\/p>\n<p><em>\u00a0__________<\/em><\/p>\n<p><strong>(3)\u00a0Augenbrauenwelle \/ Eyebrow-Lifting<br \/>\n<\/strong>Augenbrauen, die in Form bleiben.<\/p>\n<p><strong>Augenbrauenwelle<\/strong>\u00a0 45,-\u20ac<\/p>\n<p><strong>Augenbrauenwelle mit F\u00e4rben<\/strong>\u00a0 49,-\u20ac<\/p>\n<p><strong>Augenbrauenwelle mit F\u00e4rben und Formen<\/strong> 55,&#8211;\u20ac<\/p>\n<p>___________<\/p>\n<p><strong>(4) Augenbrauen-Make-up-Look <\/strong>29,-\u20ac<br \/>\nIntensive F\u00e4rbung der H\u00e4rchen und Haut-L\u00fcckenf\u00fcller<\/p>\n<p>___________<\/p>\n<p><strong>(5) Shellac Manik\u00fcre<\/strong> 49,-\u20ac<br \/>\nLanganhaltender UV-Lack! Auch f\u00fcr die Fussn\u00e4gel zum Lackieren geeignet.[\/vc_column_text]<\/div><\/div><\/div>[vc_separator]<div class=\"clearboth\"><\/div><style>#thegem-divider-69f4a9598de27 {margin-top: 20px !important;}#thegem-divider-69f4a9598de27 {margin-bottom: 20px !important;}<\/style><div id=\"thegem-divider-69f4a9598de27\" class=\"gem-divider  \" style=\"\" ><\/div>[\/vc_column][\/vc_row][vc_row][vc_column width=&#8220;1\/2&#8243;]<div class=\"gem-textbox \"  ><div class=\"gem-textbox-inner\" style=\"\"><div class=\"gem-textbox-content\" style=\"background-color: #ffffff;background-position: center top;\">[vc_column_text]<\/p>\n<div class=\"title-h3\">KONTAKTDATEN<\/div>\n<div class=\"small-body styled-subtitle\">Sarah Ackermann<br \/>\nDorfplatz 5<br \/>\nD-83101 Rohrdorf<\/div>\n<div class=\"styled-subtitle\"><\/div>\n<div class=\"small-body styled-subtitle\">T: +49 15752558025<\/div>\n<div class=\"small-body styled-subtitle\">E: <a href=\"mailto:sarah@prettywoman-kosmetik.de\">sarah@prettywoman-kosmetik.de<\/a><\/div>\n<p>[\/vc_column_text]<\/div><\/div><\/div>[\/vc_column][vc_column width=&#8220;1\/2&#8243;]<div class=\"gem-textbox \"  ><div class=\"gem-textbox-inner\" style=\"\"><div class=\"gem-textbox-content\" style=\"background-color: #ffffff;background-position: center top;\">[vc_column_text]<\/p>\n<div class=\"title-h3\">\u00d6FFNUNGSZEITEN<\/div>\n<div class=\"small-body styled-subtitle\">Montag bis Freitag<\/div>\n<div class=\"small-body styled-subtitle\">Termine nur nach telefonischer Vereinbarung!<\/div>\n<div class=\"styled-subtitle\"><\/div>\n<div><\/div>\n<p>[\/vc_column_text]<\/div><\/div><\/div>[\/vc_column][\/vc_row]<\/p>\n<\/div>","protected":false},"excerpt":{"rendered":"<p>[vc_row][vc_column][vc_separator][\/vc_column][\/vc_row][vc_row][vc_column width=&#8220;1\/2&#8243;][\/vc_column][vc_column width=&#8220;1\/2&#8243;][\/vc_column][\/vc_row]<\/p>\n","protected":false},"author":1,"featured_media":0,"parent":0,"menu_order":0,"comment_status":"closed","ping_status":"closed","template":"","meta":{"footnotes":""},"_links":{"self":[{"href":"https:\/\/prettywoman-kosmetik.de\/index.php?rest_route=\/wp\/v2\/pages\/26203"}],"collection":[{"href":"https:\/\/prettywoman-kosmetik.de\/index.php?rest_route=\/wp\/v2\/pages"}],"about":[{"href":"https:\/\/prettywoman-kosmetik.de\/index.php?rest_route=\/wp\/v2\/types\/page"}],"author":[{"embeddable":true,"href":"https:\/\/prettywoman-kosmetik.de\/index.php?rest_route=\/wp\/v2\/users\/1"}],"replies":[{"embeddable":true,"href":"https:\/\/prettywoman-kosmetik.de\/index.php?rest_route=%2Fwp%2Fv2%2Fcomments&post=26203"}],"version-history":[{"count":22,"href":"https:\/\/prettywoman-kosmetik.de\/index.php?rest_route=\/wp\/v2\/pages\/26203\/revisions"}],"predecessor-version":[{"id":26513,"href":"https:\/\/prettywoman-kosmetik.de\/index.php?rest_route=\/wp\/v2\/pages\/26203\/revisions\/26513"}],"wp:attachment":[{"href":"https:\/\/prettywoman-kosmetik.de\/index.php?rest_route=%2Fwp%2Fv2%2Fmedia&parent=26203"}],"curies":[{"name":"wp","href":"https:\/\/api.w.org\/{rel}","templated":true}]}}