{"id":26196,"date":"2018-02-21T22:31:00","date_gmt":"2018-02-21T21:31:00","guid":{"rendered":"http:\/\/prettywoman-kosmetik.de\/?page_id=26196"},"modified":"2024-11-13T21:05:41","modified_gmt":"2024-11-13T20:05:41","slug":"permanent-make-up","status":"publish","type":"page","link":"https:\/\/prettywoman-kosmetik.de\/?page_id=26196","title":{"rendered":"Permanent-Make-Up"},"content":{"rendered":"<div class=\"wpb-content-wrapper\"><p>[vc_row][vc_column]<div class=\"clearboth\"><\/div><style>#thegem-divider-69f5a517c1784 {margin-top: 40px !important;}#thegem-divider-69f5a517c1784 {margin-bottom: 40px !important;}<\/style><div id=\"thegem-divider-69f5a517c1784\" class=\"gem-divider  \" style=\"\" ><\/div><div class=\"gem-textbox \"  ><div class=\"gem-textbox-inner\" style=\"\"><div class=\"gem-textbox-content\" style=\"background-color: #ffffff;background-position: center top;\">[vc_column_text]<\/p>\n<div class=\"styled-subtitle\" style=\"text-align: center;\">PERMANENT-MAKE-UP GANZ NACH IHREN BED\u00dcRFNISSEN<\/div>\n<p>[\/vc_column_text][vc_column_text]<strong>Neuarbeit*<br \/>\n(1)<\/strong> Lider oben (Wimpernkranzverdichtung) 300,- \u20ac<br \/>\n<strong>(2)<\/strong> Lider unten 300,- \u20ac<br \/>\n<strong>(3)<\/strong> Lider oben &amp; unten 570,- \u20ac<br \/>\n<strong>(4)<\/strong> Augenbrauen (H\u00e4rchenzeichnung) 510,- \u20ac<\/p>\n<div class=\"small-body\">*Bei jeder Neuarbeit sind zwei Nacharbeiten.<br \/>\n**Auffrischungen von Permanent-Make-ups aus vergangen Zeiten auf Anfrage.<\/div>\n<div class=\"small-body\">\n<p><strong>Tipp:<\/strong> Feine Wimpernextensions machen das Auge komplett. Schluss mit Tusche und co.<\/p>\n<\/div>\n<p>[\/vc_column_text]<\/div><\/div><\/div>[vc_separator]<div class=\"gem-textbox \"  ><div class=\"gem-textbox-inner\" style=\"\"><div class=\"gem-textbox-content\" style=\"background-color: #ffffff;background-position: center top;\">[vc_column_text]<\/p>\n<div class=\"styled-subtitle\" style=\"text-align: center;\">GERNE BERATE ICH SIE KOSTENLOS<\/div>\n<p>[\/vc_column_text][vc_column_text]Ein Permanent-Make-up kann Ihnen viel Zeit bei der t\u00e4glichen Schminkroutine ersparen.<span class=\"Apple-converted-space\">\u00a0<\/span>Nat\u00fcrliche Farben (mineralische Pigmente) und eine schonende, pr\u00e4zise Einarbeitung mit hochqualitativem Pigmentierger\u00e4t von Sch\u00f6nwerk sind die Grundlage f\u00fcr eine angenehme Behandlung mit besten Ergebnissen.<br \/>\nAls ausgebildete Pigmentistin liegen mir vor allem Ihre pers\u00f6nlichen W\u00fcnsche und Bed\u00fcrfnisse am Herzen.Buchen Sie ein kostenloses Beratungsgespr\u00e4ch und lassen sich verdeutlichen, wie nat\u00fcrlich und trotzdem ausdrucksstark Ihr Gesicht durch diese Anwendung betont wird.[\/vc_column_text]<\/div><\/div><\/div>[vc_separator]<div class=\"gem-textbox \"  ><div class=\"gem-textbox-inner\" style=\"\"><div class=\"gem-textbox-content\" style=\"background-color: #ffffff;background-position: center top;\">[vc_column_text]<\/p>\n<div class=\"styled-subtitle\" style=\"text-align: center;\">NACHBEHANDLUNGEN<\/div>\n<p>[\/vc_column_text][vc_column_text]Haben Sie bereits ein Permanent Make-up und m\u00f6chten dieses auffrischen lassen? Kein Problem.\u00a0Ich biete auch Nacharbeitsbehandlungen an.[\/vc_column_text]<\/div><\/div><\/div>[vc_separator]<div class=\"clearboth\"><\/div><style>#thegem-divider-69f5a517c3dea {margin-top: 20px !important;}#thegem-divider-69f5a517c3dea {margin-bottom: 20px !important;}<\/style><div id=\"thegem-divider-69f5a517c3dea\" class=\"gem-divider  \" style=\"\" ><\/div>[\/vc_column][\/vc_row][vc_row][vc_column width=&#8220;1\/2&#8243;]<div class=\"gem-textbox \"  ><div class=\"gem-textbox-inner\" style=\"\"><div class=\"gem-textbox-content\" style=\"background-color: #ffffff;background-position: center top;\">[vc_column_text]<\/p>\n<div class=\"title-h3\">KONTAKTDATEN<\/div>\n<div class=\"small-body styled-subtitle\">Sarah Ackermann<br \/>\nDorfplatz 5<br \/>\nD-83101 Rohrdorf<\/div>\n<div class=\"styled-subtitle\"><\/div>\n<div class=\"small-body styled-subtitle\">T: +49 15752558052<\/div>\n<div class=\"small-body styled-subtitle\">E: <a href=\"mailto:sarah@prettywoman-kosmetik.de\">sarah@prettywoman-kosmetik.de<\/a><\/div>\n<div class=\"styled-subtitle\"><\/div>\n<div><\/div>\n<p>[\/vc_column_text]<\/div><\/div><\/div>[\/vc_column][vc_column width=&#8220;1\/2&#8243;]<div class=\"gem-textbox \"  ><div class=\"gem-textbox-inner\" style=\"\"><div class=\"gem-textbox-content\" style=\"background-color: #ffffff;background-position: center top;\">[vc_column_text]<\/p>\n<div class=\"title-h3\">\u00d6FFNUNGSZEITEN<\/div>\n<div class=\"small-body styled-subtitle\">Montag bis Freitag<\/div>\n<div class=\"small-body styled-subtitle\">Termine nur nach telefonischer Vereinbarung!<\/div>\n<div class=\"styled-subtitle\"><\/div>\n<div><\/div>\n<p>[\/vc_column_text]<\/div><\/div><\/div>[\/vc_column][\/vc_row]<\/p>\n<\/div>","protected":false},"excerpt":{"rendered":"<p>[vc_row][vc_column][vc_separator][vc_separator][vc_separator][\/vc_column][\/vc_row][vc_row][vc_column width=&#8220;1\/2&#8243;][\/vc_column][vc_column width=&#8220;1\/2&#8243;][\/vc_column][\/vc_row]<\/p>\n","protected":false},"author":1,"featured_media":0,"parent":0,"menu_order":0,"comment_status":"closed","ping_status":"closed","template":"","meta":{"footnotes":""},"_links":{"self":[{"href":"https:\/\/prettywoman-kosmetik.de\/index.php?rest_route=\/wp\/v2\/pages\/26196"}],"collection":[{"href":"https:\/\/prettywoman-kosmetik.de\/index.php?rest_route=\/wp\/v2\/pages"}],"about":[{"href":"https:\/\/prettywoman-kosmetik.de\/index.php?rest_route=\/wp\/v2\/types\/page"}],"author":[{"embeddable":true,"href":"https:\/\/prettywoman-kosmetik.de\/index.php?rest_route=\/wp\/v2\/users\/1"}],"replies":[{"embeddable":true,"href":"https:\/\/prettywoman-kosmetik.de\/index.php?rest_route=%2Fwp%2Fv2%2Fcomments&post=26196"}],"version-history":[{"count":36,"href":"https:\/\/prettywoman-kosmetik.de\/index.php?rest_route=\/wp\/v2\/pages\/26196\/revisions"}],"predecessor-version":[{"id":26493,"href":"https:\/\/prettywoman-kosmetik.de\/index.php?rest_route=\/wp\/v2\/pages\/26196\/revisions\/26493"}],"wp:attachment":[{"href":"https:\/\/prettywoman-kosmetik.de\/index.php?rest_route=%2Fwp%2Fv2%2Fmedia&parent=26196"}],"curies":[{"name":"wp","href":"https:\/\/api.w.org\/{rel}","templated":true}]}}