{"id":26188,"date":"2018-02-21T22:17:28","date_gmt":"2018-02-21T21:17:28","guid":{"rendered":"http:\/\/prettywoman-kosmetik.de\/?page_id=26188"},"modified":"2020-10-21T14:50:14","modified_gmt":"2020-10-21T12:50:14","slug":"impressum","status":"publish","type":"page","link":"https:\/\/prettywoman-kosmetik.de\/?page_id=26188","title":{"rendered":"Impressum"},"content":{"rendered":"<div class=\"wpb-content-wrapper\"><p>[vc_row][vc_column]<div class=\"gem-textbox \"  ><div class=\"gem-textbox-inner\" style=\"\"><div class=\"gem-textbox-content\" style=\"color: #161616;background-color: #ffffff;background-position: center top;\"><div class=\"clearboth\"><\/div><style>#thegem-divider-69f64227c2436 {margin-top: 30px !important;}#thegem-divider-69f64227c2436 {margin-bottom: 30px !important;}<\/style><div id=\"thegem-divider-69f64227c2436\" class=\"gem-divider  \" style=\"\" ><\/div>[vc_column_text]<b>PRETTY WOMAN<br \/>\nSarah Ackermann<\/b><\/p>\n<p>Dorfplatz 5, D-83101 Rohrdorf<br \/>\nTelefon +49 15752558052<br \/>\n<a href=\"http:\/\/www.prettywoman-kosmetik.de\">www.prettywoman-kosmetik.de<br \/>\n<\/a><a href=\"mailto:sarah@prettywoman-kosmetik.de\">sarah@prettywoman-kosmetik.de<\/a><\/p>\n<p><strong>Umsatzsteuer-Identifikationsnummer: <\/strong>DE314546574<\/p>\n<p>Hinweise gem. \u00a7 6 des Teledienstegesetzes (TDG) in der Fassung des Gesetzes \u00fcber rechtliche Rahmenbedingungen f\u00fcr den elektronischen Gesch\u00e4ftsverkehr vom 20.12.2001.<\/p>\n<p><strong>Verantwortlich f\u00fcr den Inhalt der Seite:<\/strong><br \/>\nPRETTY WOMAN | Sarah Ackermann<\/p>\n<p><strong>Haftungshinweis:<br \/>\n<\/strong>PRETTY WOMAN | Sarah Ackermann \u00fcbernimmt keinerlei Gew\u00e4hr und Haftung f\u00fcr die Aktualit\u00e4t, Korrektheit und Vollst\u00e4ndigkeit der bereitgestellten Informationen und Daten. Haftungsanspr\u00fcche und sonstige Anspr\u00fcche gegen die <span class=\"blueskruff\">.<\/span>skruff Designagentur GmbH, welche sich auf Sch\u00e4den materieller oder ideeller Art beziehen, die durch die Nutzung oder Nichtnutzung der dargebotenen Informationen bzw. durch die Nutzung fehlerhafter und unvollst\u00e4ndiger Informationen verursacht wurden sind grunds\u00e4tzlich ausgeschlossen, sofern seitens PRETTY WOMAN | Sarah Ackermann kein nachweislich vors\u00e4tzliches oder grob fahrl\u00e4ssiges Verschulden vorliegt. Die auf der facebook-Seite von\u00a0PRETTY WOMAN | Sarah Ackermann\u00a0dargestellten Angebote sind freibleibend und unverbindlich. Trotz sorgf\u00e4ltiger inhaltlicher Kontrolle \u00fcbernimmt PRETTY WOMAN | Sarah Ackermann\u00a0f\u00fcr die Inhalte externer Links. F\u00fcr den Inhalt der verlinkten Seiten sind ausschlie\u00dflich deren Betreiber verantwortlich.<\/p>\n<p><strong><br \/>\nDatenschutz:<\/strong><br \/>\nSofern innerhalb des Internetangebotes die M\u00f6glichkeit zur Eingabe pers\u00f6nlicher oder gesch\u00e4ftlicher Daten (Emailadressen, Namen, Anschriften usw.) besteht, so erfolgt die Preisgabe dieser Daten seitens des Nutzers auf ausdr\u00fccklich freiwilliger Basis. Die Inanspruchnahme und Bezahlung aller angebotenen Dienste ist \u2013 soweit technisch m\u00f6glich und zumutbar \u2013 auch ohne Angabe solcher Daten bzw. unter Angabe anonymisierter Daten oder eines Pseudonyms gestattet. Die Nutzung der im Rahmen des Impressums oder vergleichbarer Angaben ver\u00f6ffentlichten Kontaktdaten wie Postanschriften, Telefon- und Faxnummern sowie Emailadressen durch Dritte zur \u00dcbersendung von nicht ausdr\u00fccklich angeforderten Informationen ist nicht gestattet. Rechtliche Schritte gegen die Versender von so genannten Spam-Mails bei Verst\u00f6\u00dfen gegen dieses Verbot sind ausdr\u00fccklich vorbehalten.<\/p>\n<p><strong><br \/>\nHinweis Google Analytics:<\/strong><br \/>\nDiese Website benutzt Google Analytics, einen Webanalysedienst der Google Inc. (\u201eGoogle\u201c). Google Analytics verwendet sog. \u201eCookies\u201c, Textdateien, die auf Ihrem Computer gespeichert werden und die eine Analyse der Benutzung der Website durch Sie erm\u00f6glicht. Die durch den Cookie erzeugten Informationen \u00fcber Ihre Benutzung dieser Website (einschlie\u00dflich Ihrer IP\u2013Adresse) wird an einen Server von Google in den USA \u00fcbertragen und dort gespeichert. Google wird diese Informationen benutzen, um Ihre Nutzung der Website auszuwerten, um Reports \u00fcber die Websiteaktivit\u00e4ten f\u00fcr die Websitebetreiber zusammenzustellen und um weitere mit der Websitenutzung und der Internetnutzung verbundene Dienstleistungen zu erbringen. Auch wird Google diese Informationen gegebenenfalls an Dritte \u00fcbertragen, sofern dies gesetzlich vorgeschrieben ist oder soweit Dritte diese Daten im Auftrag von Google verarbeiten. Die von Ihnen an Google \u00fcbertragenen (m\u00f6glicherweise) personenbezogenen Daten unterliegen in den USA keinerlei gesetzlichem Datenschutz. Google wird nach eigener Aussage Google Analytics Datenschutzbestimmungen (verlinkt am 04.10.2008) aber in keinem Fall Ihre IP\u2013Adresse mit anderen Daten, die von Google gespeichert werden, in Verbindung bringen.<br \/>\nSie k\u00f6nnen die Installation der Cookies durch eine entsprechende Einstellung Ihrer Browser\u2013Software verhindern. Um auch die Speicherung Ihrer IP\u2013Adresse zu unterbinden, k\u00f6nnen Sie diese Webseite \u00fcber einen dazwischengeschalteten Proxy, JonDo, Tor oder ein VPN\u2013System besuchen.<br \/>\nDurch die Nutzung dieser Website erkl\u00e4ren Sie sich mit der Bearbeitung der \u00fcber Sie erhobenen Daten durch Google in der zuvor beschriebenen Art und Weise und zu dem zuvor benannten Zweck einverstanden.<\/p>\n<p>N\u00e4here Informationen hierzu finden Sie unter\u00a0<a href=\"http:\/\/tools.google.com\/dlpage\/gaoptout?hl=de\" target=\"_blank\" rel=\"noopener noreferrer\">http:\/\/tools.google.com\/dlpage\/gaoptout?hl=de<\/a>\u00a0bzw. unter\u00a0<a href=\"http:\/\/www.google.com\/intl\/de\/analytics\/privacyoverview.html\" target=\"_blank\" rel=\"noopener noreferrer\">http:\/\/www.google.com\/intl\/de\/analytics\/privacyoverview.html<\/a>\u00a0(allgemeine Informationen zu Google Analytics und Datenschutz). Wir weisen Sie darauf hin, dass auf dieser Webseite Google Analytics um den Code \u201egat._anonymizeIp();\u201c erweitert wurde, um eine anonymisierte Erfassung von IP-Adressen (sog. IP-Masking) zu gew\u00e4hrleisten.<\/p>\n<p><strong><br \/>\nHinweis facebook:<\/strong><br \/>\nAuf diesen Internetseiten werden Plugins des sozialen Netzwerkes facebook.com verwendet, das von der Facebook Inc., 1601 S. California Ave, Palo Alto, CA 94304, USA betrieben wird (\u201eFacebook\u201c). Wenn Sie mit einen solchen Plugin versehene Internetseiten unserer Internetpr\u00e4senz aufrufen, wird eine Verbindung zu den Facebook\u2013Servern hergestellt und dabei das Plugin durch Mitteilung an Ihren Browser auf der Internetseite dargestellt. Hierdurch wird an den Facebook\u2013Server \u00fcbermittelt, welche unserer Internetseiten Sie besucht haben. Sind Sie dabei als Mitglied bei Facebook eingeloggt, ordnet Facebook diese Information Ihrem pers\u00f6nlichen Facebook\u2013Benutzerkonto zu. Bei der Nutzung der Plugin\u2013Funktionen (z.B. Anklicken des \u201eGef\u00e4llt mir\u201c\u2013Buttons, Abgabe eines Kommentars) werden auch diese Informationen Ihrem Facebook\u2013Konto zugeordnet, was Sie nur durch Ausloggen vor Nutzung des Plugins verhindern k\u00f6nnen. N\u00e4here Informationen zur Erhebung und Nutzung der Daten durch Facebook, \u00fcber Ihre diesbez\u00fcglichen Rechte und M\u00f6glichkeiten zum Schutz Ihrer Privatsph\u00e4re finden Sie in den Datenschutzhinweisen von Facebook.[\/vc_column_text]<\/div><\/div><\/div>[\/vc_column][\/vc_row]<\/p>\n<\/div>","protected":false},"excerpt":{"rendered":"<p>[vc_row][vc_column][\/vc_column][\/vc_row]<\/p>\n","protected":false},"author":1,"featured_media":0,"parent":0,"menu_order":0,"comment_status":"closed","ping_status":"closed","template":"","meta":{"footnotes":""},"_links":{"self":[{"href":"https:\/\/prettywoman-kosmetik.de\/index.php?rest_route=\/wp\/v2\/pages\/26188"}],"collection":[{"href":"https:\/\/prettywoman-kosmetik.de\/index.php?rest_route=\/wp\/v2\/pages"}],"about":[{"href":"https:\/\/prettywoman-kosmetik.de\/index.php?rest_route=\/wp\/v2\/types\/page"}],"author":[{"embeddable":true,"href":"https:\/\/prettywoman-kosmetik.de\/index.php?rest_route=\/wp\/v2\/users\/1"}],"replies":[{"embeddable":true,"href":"https:\/\/prettywoman-kosmetik.de\/index.php?rest_route=%2Fwp%2Fv2%2Fcomments&post=26188"}],"version-history":[{"count":8,"href":"https:\/\/prettywoman-kosmetik.de\/index.php?rest_route=\/wp\/v2\/pages\/26188\/revisions"}],"predecessor-version":[{"id":26455,"href":"https:\/\/prettywoman-kosmetik.de\/index.php?rest_route=\/wp\/v2\/pages\/26188\/revisions\/26455"}],"wp:attachment":[{"href":"https:\/\/prettywoman-kosmetik.de\/index.php?rest_route=%2Fwp%2Fv2%2Fmedia&parent=26188"}],"curies":[{"name":"wp","href":"https:\/\/api.w.org\/{rel}","templated":true}]}}