{"id":15698,"date":"2016-03-24T13:54:04","date_gmt":"2016-03-24T13:54:04","guid":{"rendered":"http:\/\/democontent.codex-themes.com\/thegem-beauty\/?page_id=15698"},"modified":"2024-11-14T15:44:24","modified_gmt":"2024-11-14T14:44:24","slug":"page-404-light","status":"publish","type":"page","link":"https:\/\/prettywoman-kosmetik.de\/?page_id=15698","title":{"rendered":"One"},"content":{"rendered":"<div class=\"wpb-content-wrapper\"><p>[vc_row][vc_column]<div class=\"clearboth\"><\/div><style>#thegem-divider-69e1d15bbb695 {margin-top: 85px !important;}#thegem-divider-69e1d15bbb695 {margin-bottom: 120px !important;}<\/style><div id=\"thegem-divider-69e1d15bbb695\" class=\"gem-divider  \" style=\"\" ><\/div><div class=\"gem-textbox \"  ><div class=\"gem-textbox-inner\" style=\"\"><div class=\"gem-textbox-content\" style=\"background-color: #ffffff;background-position: center top;\">[vc_column_text]<\/p>\n<div class=\"styled-subtitle\" style=\"text-align: center;\">\n<p>GESICHTSBEHANDLUNGEN<\/p><\/div>\n<p>[\/vc_column_text][vc_column_text css=&#8220;&#8220;]<strong>Tiefgr\u00fcndig <\/strong>(Ausreinigungsbehandlung)\u00a0 40 min.\/49,-\u20ac<br \/>\nUnreine und irritierte Haut ist nicht einfach. Wenn man fr\u00fchzeitig lernt, die Haut richtig zu pflegen, kann man sp\u00e4teren Hautproblemen aus dem Weg gehen.\u00a0Ich helfe Ihnen gerne dabei.<\/p>\n<p><strong>Der Klassiker<\/strong> 60 min.\/75,-\u20ac<br \/>\nGr\u00fcndliche Reinigung in Kombination mit entspannender Gesichtsmassage und Pflege auf h\u00f6chtem Niveau sorgen f\u00fcr ein harmonisches Hautgef\u00fchl. G\u00f6nnen Sie sich und Ihrer Haut eine kleine Auszeit.<\/p>\n<p><strong>M\u00e4nnersache<\/strong>\u00a060 min.\/75,-\u20ac<br \/>\nFrische-Kick mit effektiver Wirkstoffkosmetik. Freuen Sie sich auf eine Verw\u00f6hnbehandlung mit Nackenmassage<\/p>\n<p><strong>Multi Face Pro &#8211; Ger\u00e4tebehandlung<\/strong> 60 min.\/120,-\u20ac<br \/>\nF\u00fcr jedes Hautproblem die passende L\u00f6sung. Lassen Sie sich beraten. Porentiefe Reinigung trifft auf optimale Versorgung der Haut.<\/p>\n<p>&nbsp;[\/vc_column_text]<\/div><\/div><\/div>[vc_separator]<div class=\"gem-textbox \"  ><div class=\"gem-textbox-inner\" style=\"\"><div class=\"gem-textbox-content\" style=\"background-color: #ffffff;background-position: center top;\">[vc_column_text]<\/p>\n<div class=\"styled-subtitle\" style=\"text-align: center;\">ZUSATZBEHANDLUNGEN\u2013 Zu jeder Gesichtsbehandlung oder auch einzeln buchbar.<\/div>\n<p>[\/vc_column_text][vc_column_text css=&#8220;&#8220;]<strong>(1)<\/strong> Wimpernf\u00e4rben 11,-\u20ac<\/p>\n<p><strong>(2)<\/strong> Augenbrauen f\u00e4rben 9,-\u20ac<\/p>\n<p><strong>(3)<\/strong> Augenbrauen formen, kostenlos bei jeder Gesichtsbehandlung. Einzelpreis 10,-\u20ac<\/p>\n<p><strong>(4)<\/strong> Gesichtshaare entfernen mit warmwachs \u2013 Teilbereich 10,-\u20ac<\/p>\n<p><strong>(5)<\/strong> Gesichtshaare entfernen mit warmwachs \u2013 komplett 20,-\u20ac<\/p>\n<p><strong>(6)<\/strong> Manik\u00fcre 30,&#8211; \u20ac<br \/>\n+ Lack 5,&#8211; \u20ac[\/vc_column_text]<\/div><\/div><\/div><div class=\"clearboth\"><\/div><style>#thegem-divider-69e1d15bbb9a0 {margin-top: 20px !important;}#thegem-divider-69e1d15bbb9a0 {margin-bottom: 20px !important;}<\/style><div id=\"thegem-divider-69e1d15bbb9a0\" class=\"gem-divider  \" style=\"\" ><\/div>[\/vc_column][\/vc_row][vc_row][vc_column width=&#8220;1\/2&#8243;]<div class=\"gem-textbox \"  ><div class=\"gem-textbox-inner\" style=\"\"><div class=\"gem-textbox-content\" style=\"background-color: #ffffff;background-position: center top;\">[vc_column_text]<\/p>\n<div class=\"title-h3\">KONTAKTDATEN<\/div>\n<div class=\"small-body styled-subtitle\">Sarah Ackermann<br \/>\nDorfplatz 5<br \/>\nD-83101 Rohrdorf<\/div>\n<div class=\"styled-subtitle\"><\/div>\n<div class=\"small-body styled-subtitle\">T: +49 15752558052<\/div>\n<div class=\"small-body styled-subtitle\">E: <a href=\"mailto:sarah@prettywoman-kosmetik.de\">sarah@prettywoman-kosmetik.de<\/a><\/div>\n<div class=\"styled-subtitle\"><\/div>\n<div><\/div>\n<p>[\/vc_column_text]<\/div><\/div><\/div>[\/vc_column][vc_column width=&#8220;1\/2&#8243;]<div class=\"gem-textbox \"  ><div class=\"gem-textbox-inner\" style=\"\"><div class=\"gem-textbox-content\" style=\"background-color: #ffffff;background-position: center top;\">[vc_column_text]<\/p>\n<div class=\"title-h3\">\u00d6FFNUNGSZEITEN<\/div>\n<div class=\"styled-subtitle\">Montag bis Freitag<\/div>\n<div class=\"styled-subtitle\">Termine nur nach telefonischer Vereinbarung!<\/div>\n<div class=\"title-h3\">\n<div class=\"small-body styled-subtitle\"><\/div>\n<div class=\"styled-subtitle\"><\/div>\n<\/div>\n<div class=\"small-body styled-subtitle\"><\/div>\n<div class=\"styled-subtitle\"><\/div>\n<div><\/div>\n<p>[\/vc_column_text]<\/div><\/div><\/div>[\/vc_column][\/vc_row]<\/p>\n<\/div>","protected":false},"excerpt":{"rendered":"<p>[vc_row][vc_column][vc_separator][\/vc_column][\/vc_row][vc_row][vc_column width=&#8220;1\/2&#8243;][\/vc_column][vc_column width=&#8220;1\/2&#8243;][\/vc_column][\/vc_row]<\/p>\n","protected":false},"author":1,"featured_media":0,"parent":16128,"menu_order":0,"comment_status":"closed","ping_status":"closed","template":"","meta":{"footnotes":""},"_links":{"self":[{"href":"https:\/\/prettywoman-kosmetik.de\/index.php?rest_route=\/wp\/v2\/pages\/15698"}],"collection":[{"href":"https:\/\/prettywoman-kosmetik.de\/index.php?rest_route=\/wp\/v2\/pages"}],"about":[{"href":"https:\/\/prettywoman-kosmetik.de\/index.php?rest_route=\/wp\/v2\/types\/page"}],"author":[{"embeddable":true,"href":"https:\/\/prettywoman-kosmetik.de\/index.php?rest_route=\/wp\/v2\/users\/1"}],"replies":[{"embeddable":true,"href":"https:\/\/prettywoman-kosmetik.de\/index.php?rest_route=%2Fwp%2Fv2%2Fcomments&post=15698"}],"version-history":[{"count":66,"href":"https:\/\/prettywoman-kosmetik.de\/index.php?rest_route=\/wp\/v2\/pages\/15698\/revisions"}],"predecessor-version":[{"id":26509,"href":"https:\/\/prettywoman-kosmetik.de\/index.php?rest_route=\/wp\/v2\/pages\/15698\/revisions\/26509"}],"up":[{"embeddable":true,"href":"https:\/\/prettywoman-kosmetik.de\/index.php?rest_route=\/wp\/v2\/pages\/16128"}],"wp:attachment":[{"href":"https:\/\/prettywoman-kosmetik.de\/index.php?rest_route=%2Fwp%2Fv2%2Fmedia&parent=15698"}],"curies":[{"name":"wp","href":"https:\/\/api.w.org\/{rel}","templated":true}]}}